{"id":2,"date":"2006-10-31T10:08:21","date_gmt":"2006-10-31T09:08:21","guid":{"rendered":""},"modified":"2006-10-31T12:54:03","modified_gmt":"2006-10-31T11:54:03","slug":"uber","status":"publish","type":"page","link":"http:\/\/klimpern.musikerprogramme.de\/?page_id=2","title":{"rendered":"Instruktionen"},"content":{"rendered":"<p>Willkommen beim Melodien- Blog!<\/p>\n<p>Nicht \u00fcber die Zahlenkolonnen wundern, sondern rechts unter &#8218;<strong>Downloads<\/strong>&#8218; kurz den &#8218;<strong>Musiktrainer<\/strong>&#8218; kostenlos  herunterladen! Der macht aus den Zahlen Melodien. Einfach Copy &#038; Paste (&#8218;Strg&#8216; &#038; &#8218;c&#8216;) und dann Musiktrainer Men\u00fcpunkt: <em>Klimperecke\/Import<\/em>) der Zahlen in das Programm- schon spielt die Musik.<br \/>\nAusserdem k\u00f6nnen so auch eigene Kompositionen  hier ver\u00f6ffentlicht werden. Nach der Aufnahme landet die eingespielte Melodie in den Zwischenspeicher (Men\u00fc:<em>Klimperecke \/ Ver\u00f6ffentlichen<\/em>), und kann dann als Komentar ver\u00f6ffentlicht werden (&#8218;Strg&#8216; &#038; &#8218;v&#8216;)<\/p>\n<p>Weitere Infos unter &#8218;Programme&#8216;<\/p>\n","protected":false},"excerpt":{"rendered":"<p>Willkommen beim Melodien- Blog! Nicht \u00fcber die Zahlenkolonnen wundern, sondern rechts unter &#8218;Downloads&#8218; kurz den &#8218;Musiktrainer&#8218; kostenlos herunterladen! Der macht aus den Zahlen Melodien. Einfach Copy &#038; Paste (&#8218;Strg&#8216; &#038; &#8218;c&#8216;) und dann Musiktrainer Men\u00fcpunkt: Klimperecke\/Import) der Zahlen in das &hellip; <a class=\"more-link\" href=\"http:\/\/klimpern.musikerprogramme.de\/?page_id=2\">Weiterlesen <span class=\"meta-nav\">&rarr;<\/span><\/a><\/p>\n","protected":false},"author":1,"featured_media":0,"parent":0,"menu_order":0,"comment_status":"open","ping_status":"open","template":"","meta":{"footnotes":""},"class_list":["post-2","page","type-page","status-publish","hentry"],"_links":{"self":[{"href":"http:\/\/klimpern.musikerprogramme.de\/index.php?rest_route=\/wp\/v2\/pages\/2","targetHints":{"allow":["GET"]}}],"collection":[{"href":"http:\/\/klimpern.musikerprogramme.de\/index.php?rest_route=\/wp\/v2\/pages"}],"about":[{"href":"http:\/\/klimpern.musikerprogramme.de\/index.php?rest_route=\/wp\/v2\/types\/page"}],"author":[{"embeddable":true,"href":"http:\/\/klimpern.musikerprogramme.de\/index.php?rest_route=\/wp\/v2\/users\/1"}],"replies":[{"embeddable":true,"href":"http:\/\/klimpern.musikerprogramme.de\/index.php?rest_route=%2Fwp%2Fv2%2Fcomments&post=2"}],"version-history":[{"count":0,"href":"http:\/\/klimpern.musikerprogramme.de\/index.php?rest_route=\/wp\/v2\/pages\/2\/revisions"}],"wp:attachment":[{"href":"http:\/\/klimpern.musikerprogramme.de\/index.php?rest_route=%2Fwp%2Fv2%2Fmedia&parent=2"}],"curies":[{"name":"wp","href":"https:\/\/api.w.org\/{rel}","templated":true}]}}